{"id":2520,"date":"2025-04-04T17:59:41","date_gmt":"2025-04-04T17:59:41","guid":{"rendered":"https:\/\/mynewbody.com.mx\/?page_id=2520"},"modified":"2025-04-04T17:59:41","modified_gmt":"2025-04-04T17:59:41","slug":"my-new-body-obesity-center","status":"publish","type":"page","link":"https:\/\/mynewbody.com.mx\/es\/my-new-body-obesity-center\/","title":{"rendered":"My New Body Obesity Center"},"content":{"rendered":"<div data-elementor-type=\"wp-page\" data-elementor-id=\"2520\" class=\"elementor elementor-2520\" data-elementor-post-type=\"page\">\n\t\t\t\t<div class=\"elementor-element elementor-element-fcdcea3 e-grid e-con-full e-con e-parent\" data-id=\"fcdcea3\" data-element_type=\"container\" data-e-type=\"container\" data-settings=\"{&quot;background_background&quot;:&quot;video&quot;,&quot;background_video_link&quot;:&quot;https:\\\/\\\/youtu.be\\\/2_5KwBrC1LA&quot;,&quot;background_video_start&quot;:3,&quot;background_privacy_mode&quot;:&quot;yes&quot;}\">\n\t\t<div class=\"elementor-background-video-container elementor-hidden-mobile\">\n\t\t\t\t\t\t\t<div class=\"elementor-background-video-embed\" role=\"presentation\"><\/div>\n\t\t\t\t\t\t<\/div>\t\t<div class=\"elementor-element elementor-element-795a127 elementor-widget elementor-widget-spacer\" data-id=\"795a127\" data-element_type=\"widget\" data-e-type=\"widget\" data-widget_type=\"spacer.default\">\n\t\t\t\t<div class=\"elementor-widget-container\">\n\t\t\t\t\t\t\t<div class=\"elementor-spacer\">\n\t\t\t<div class=\"elementor-spacer-inner\"><\/div>\n\t\t<\/div>\n\t\t\t\t\t\t<\/div>\n\t\t\t\t<\/div>\n\t\t\t\t<div class=\"elementor-element elementor-element-685d140 e-transform elementor-invisible elementor-widget elementor-widget-image\" data-id=\"685d140\" data-element_type=\"widget\" data-e-type=\"widget\" data-settings=\"{&quot;_animation&quot;:&quot;bounceIn&quot;,&quot;_transform_scale_effect&quot;:{&quot;unit&quot;:&quot;px&quot;,&quot;size&quot;:&quot;&quot;,&quot;sizes&quot;:[]},&quot;_transform_scale_effect_tablet&quot;:{&quot;unit&quot;:&quot;px&quot;,&quot;size&quot;:&quot;&quot;,&quot;sizes&quot;:[]},&quot;_transform_scale_effect_mobile&quot;:{&quot;unit&quot;:&quot;px&quot;,&quot;size&quot;:&quot;&quot;,&quot;sizes&quot;:[]}}\" data-widget_type=\"image.default\">\n\t\t\t\t<div class=\"elementor-widget-container\">\n\t\t\t\t\t\t\t\t\t\t\t\t\t\t\t<img fetchpriority=\"high\" decoding=\"async\" width=\"1024\" height=\"380\" src=\"https:\/\/mynewbody.com.mx\/wp-content\/uploads\/2025\/01\/titulo1MNB-1024x380.png\" class=\"attachment-large size-large wp-image-1556\" alt=\"\" srcset=\"https:\/\/mynewbody.com.mx\/wp-content\/uploads\/2025\/01\/titulo1MNB-1024x380.png 1024w, https:\/\/mynewbody.com.mx\/wp-content\/uploads\/2025\/01\/titulo1MNB-300x111.png 300w, https:\/\/mynewbody.com.mx\/wp-content\/uploads\/2025\/01\/titulo1MNB-768x285.png 768w, https:\/\/mynewbody.com.mx\/wp-content\/uploads\/2025\/01\/titulo1MNB-18x7.png 18w, https:\/\/mynewbody.com.mx\/wp-content\/uploads\/2025\/01\/titulo1MNB-370x137.png 370w, https:\/\/mynewbody.com.mx\/wp-content\/uploads\/2025\/01\/titulo1MNB-760x282.png 760w, https:\/\/mynewbody.com.mx\/wp-content\/uploads\/2025\/01\/titulo1MNB.png 1367w\" sizes=\"(max-width: 1024px) 100vw, 1024px\" \/>\t\t\t\t\t\t\t\t\t\t\t\t\t\t\t<\/div>\n\t\t\t\t<\/div>\n\t\t\t\t<div class=\"elementor-element elementor-element-b61bf04 elementor-widget elementor-widget-text-editor\" data-id=\"b61bf04\" data-element_type=\"widget\" data-e-type=\"widget\" data-widget_type=\"text-editor.default\">\n\t\t\t\t<div class=\"elementor-widget-container\">\n\t\t\t\t\t\t\t\t\t<p><strong>Cirujanos bari\u00e1tricos certificados en Tijuana, M\u00e9xico.<\/strong><\/p>\t\t\t\t\t\t\t\t<\/div>\n\t\t\t\t<\/div>\n\t\t\t\t<div class=\"elementor-element elementor-element-0fd2f07 elementor-widget elementor-widget-spacer\" data-id=\"0fd2f07\" data-element_type=\"widget\" data-e-type=\"widget\" data-widget_type=\"spacer.default\">\n\t\t\t\t<div class=\"elementor-widget-container\">\n\t\t\t\t\t\t\t<div class=\"elementor-spacer\">\n\t\t\t<div class=\"elementor-spacer-inner\"><\/div>\n\t\t<\/div>\n\t\t\t\t\t\t<\/div>\n\t\t\t\t<\/div>\n\t\t\t\t<\/div>\n\t\t<div class=\"elementor-element elementor-element-3000f02 e-grid e-con-boxed e-con e-parent\" data-id=\"3000f02\" data-element_type=\"container\" data-e-type=\"container\">\n\t\t\t\t\t<div class=\"e-con-inner\">\n\t\t\t\t<div class=\"elementor-element elementor-element-bf457e5 elementor-invisible elementor-widget elementor-widget-image\" data-id=\"bf457e5\" data-element_type=\"widget\" data-e-type=\"widget\" data-settings=\"{&quot;_animation&quot;:&quot;fadeIn&quot;}\" data-widget_type=\"image.default\">\n\t\t\t\t<div class=\"elementor-widget-container\">\n\t\t\t\t\t\t\t\t\t\t\t\t\t\t\t<img decoding=\"async\" width=\"1024\" height=\"683\" src=\"https:\/\/mynewbody.com.mx\/wp-content\/uploads\/2025\/01\/0b1a5565blue-1024x683.png\" class=\"attachment-large size-large wp-image-1573\" alt=\"\" srcset=\"https:\/\/mynewbody.com.mx\/wp-content\/uploads\/2025\/01\/0b1a5565blue-1024x683.png 1024w, https:\/\/mynewbody.com.mx\/wp-content\/uploads\/2025\/01\/0b1a5565blue-300x200.png 300w, https:\/\/mynewbody.com.mx\/wp-content\/uploads\/2025\/01\/0b1a5565blue-768x512.png 768w, https:\/\/mynewbody.com.mx\/wp-content\/uploads\/2025\/01\/0b1a5565blue-1536x1024.png 1536w, https:\/\/mynewbody.com.mx\/wp-content\/uploads\/2025\/01\/0b1a5565blue-18x12.png 18w, https:\/\/mynewbody.com.mx\/wp-content\/uploads\/2025\/01\/0b1a5565blue-770x513.png 770w, https:\/\/mynewbody.com.mx\/wp-content\/uploads\/2025\/01\/0b1a5565blue-370x247.png 370w, https:\/\/mynewbody.com.mx\/wp-content\/uploads\/2025\/01\/0b1a5565blue.png 1966w\" sizes=\"(max-width: 1024px) 100vw, 1024px\" \/>\t\t\t\t\t\t\t\t\t\t\t\t\t\t\t<\/div>\n\t\t\t\t<\/div>\n\t\t\t\t\t<\/div>\n\t\t\t\t<\/div>\n\t\t<div class=\"elementor-element elementor-element-7731762 e-grid e-con-full e-con e-parent\" data-id=\"7731762\" data-element_type=\"container\" data-e-type=\"container\">\n\t\t\t\t<div class=\"elementor-element elementor-element-8555726 elementor-invisible elementor-widget elementor-widget-image\" data-id=\"8555726\" data-element_type=\"widget\" data-e-type=\"widget\" data-settings=\"{&quot;_animation&quot;:&quot;fadeIn&quot;}\" data-widget_type=\"image.default\">\n\t\t\t\t<div class=\"elementor-widget-container\">\n\t\t\t\t\t\t\t\t\t\t\t\t\t\t\t<img decoding=\"async\" width=\"1024\" height=\"162\" src=\"https:\/\/mynewbody.com.mx\/wp-content\/uploads\/2025\/02\/Procedimientos-1.png\" class=\"attachment-large size-large wp-image-1591\" alt=\"\" srcset=\"https:\/\/mynewbody.com.mx\/wp-content\/uploads\/2025\/02\/Procedimientos-1.png 1367w, https:\/\/mynewbody.com.mx\/wp-content\/uploads\/2025\/02\/Procedimientos-1-300x47.png 300w, https:\/\/mynewbody.com.mx\/wp-content\/uploads\/2025\/02\/Procedimientos-1-1024x162.png 1024w, https:\/\/mynewbody.com.mx\/wp-content\/uploads\/2025\/02\/Procedimientos-1-768x121.png 768w, https:\/\/mynewbody.com.mx\/wp-content\/uploads\/2025\/02\/Procedimientos-1-18x3.png 18w, https:\/\/mynewbody.com.mx\/wp-content\/uploads\/2025\/02\/Procedimientos-1-770x122.png 770w, https:\/\/mynewbody.com.mx\/wp-content\/uploads\/2025\/02\/Procedimientos-1-370x58.png 370w\" sizes=\"(max-width: 1024px) 100vw, 1024px\" \/>\t\t\t\t\t\t\t\t\t\t\t\t\t\t\t<\/div>\n\t\t\t\t<\/div>\n\t\t\t\t<div class=\"elementor-element elementor-element-442429d elementor-widget elementor-widget-text-editor\" data-id=\"442429d\" data-element_type=\"widget\" data-e-type=\"widget\" data-widget_type=\"text-editor.default\">\n\t\t\t\t<div class=\"elementor-widget-container\">\n\t\t\t\t\t\t\t\t\t<p><strong>Opciones en Cirug\u00eda de Obesidad<\/strong><\/p>\t\t\t\t\t\t\t\t<\/div>\n\t\t\t\t<\/div>\n\t\t\t\t<\/div>\n\t\t<div class=\"elementor-element elementor-element-dabddf4 e-grid e-con-full e-con e-parent\" data-id=\"dabddf4\" data-element_type=\"container\" data-e-type=\"container\">\n\t\t\t\t<\/div>\n\t\t<div class=\"elementor-element elementor-element-e7b6b54 e-flex e-con-boxed e-con e-parent\" data-id=\"e7b6b54\" data-element_type=\"container\" data-e-type=\"container\">\n\t\t\t\t\t<div class=\"e-con-inner\">\n\t\t\t\t<div class=\"elementor-element elementor-element-ca6eb58 elementor-align-center elementor-widget elementor-widget-button\" data-id=\"ca6eb58\" data-element_type=\"widget\" data-e-type=\"widget\" data-widget_type=\"button.default\">\n\t\t\t\t<div class=\"elementor-widget-container\">\n\t\t\t\t\t\t\t\t\t<div class=\"elementor-button-wrapper\">\n\t\t\t\t\t<a class=\"elementor-button elementor-button-link elementor-size-sm\" href=\"https:\/\/mynewbody.com.mx\/es\/procedures-2\/\">\n\t\t\t\t\t\t<span class=\"elementor-button-content-wrapper\">\n\t\t\t\t\t\t\t\t\t<span class=\"elementor-button-text\">MAS PROCEDIMIENTOS<\/span>\n\t\t\t\t\t<\/span>\n\t\t\t\t\t<\/a>\n\t\t\t\t<\/div>\n\t\t\t\t\t\t\t\t<\/div>\n\t\t\t\t<\/div>\n\t\t\t\t\t<\/div>\n\t\t\t\t<\/div>\n\t\t<div class=\"elementor-element elementor-element-c137b02 e-con-full e-flex e-con e-parent\" data-id=\"c137b02\" data-element_type=\"container\" data-e-type=\"container\" data-settings=\"{&quot;background_background&quot;:&quot;classic&quot;}\">\n\t\t<div class=\"elementor-element elementor-element-5f50a6d e-con-full e-flex e-con e-child\" data-id=\"5f50a6d\" data-element_type=\"container\" data-e-type=\"container\">\n\t\t\t\t<div class=\"elementor-element elementor-element-3217c8c elementor-invisible elementor-widget elementor-widget-image\" data-id=\"3217c8c\" data-element_type=\"widget\" data-e-type=\"widget\" data-settings=\"{&quot;_animation&quot;:&quot;fadeInLeft&quot;}\" data-widget_type=\"image.default\">\n\t\t\t\t<div class=\"elementor-widget-container\">\n\t\t\t\t\t\t\t\t\t\t\t\t\t\t\t<img loading=\"lazy\" decoding=\"async\" width=\"720\" height=\"539\" src=\"https:\/\/mynewbody.com.mx\/wp-content\/uploads\/2025\/01\/DSC07814chica.png\" class=\"attachment-large size-large wp-image-1589\" alt=\"\" srcset=\"https:\/\/mynewbody.com.mx\/wp-content\/uploads\/2025\/01\/DSC07814chica.png 720w, https:\/\/mynewbody.com.mx\/wp-content\/uploads\/2025\/01\/DSC07814chica-300x225.png 300w, https:\/\/mynewbody.com.mx\/wp-content\/uploads\/2025\/01\/DSC07814chica-16x12.png 16w, https:\/\/mynewbody.com.mx\/wp-content\/uploads\/2025\/01\/DSC07814chica-370x277.png 370w\" sizes=\"(max-width: 720px) 100vw, 720px\" \/>\t\t\t\t\t\t\t\t\t\t\t\t\t\t\t<\/div>\n\t\t\t\t<\/div>\n\t\t\t\t<\/div>\n\t\t<div class=\"elementor-element elementor-element-004310d e-con-full e-flex e-con e-child\" data-id=\"004310d\" data-element_type=\"container\" data-e-type=\"container\">\n\t\t\t\t<div class=\"elementor-element elementor-element-d7924a0 elementor-widget elementor-widget-text-editor\" data-id=\"d7924a0\" data-element_type=\"widget\" data-e-type=\"widget\" data-widget_type=\"text-editor.default\">\n\t\t\t\t<div class=\"elementor-widget-container\">\n\t\t\t\t\t\t\t\t\tMy New Body Obesity Center provee soluciones en cirug\u00eda bari\u00e1trica y metab\u00f3lica para pacientes de alrededor del mundo.\t\t\t\t\t\t\t\t<\/div>\n\t\t\t\t<\/div>\n\t\t\t\t<div class=\"elementor-element elementor-element-e01a76b elementor-align-center elementor-widget elementor-widget-button\" data-id=\"e01a76b\" data-element_type=\"widget\" data-e-type=\"widget\" data-widget_type=\"button.default\">\n\t\t\t\t<div class=\"elementor-widget-container\">\n\t\t\t\t\t\t\t\t\t<div class=\"elementor-button-wrapper\">\n\t\t\t\t\t<a class=\"elementor-button elementor-button-link elementor-size-sm\" href=\"https:\/\/mynewbody.com.mx\/es\/team\/\">\n\t\t\t\t\t\t<span class=\"elementor-button-content-wrapper\">\n\t\t\t\t\t\t\t\t\t<span class=\"elementor-button-text\">CON\u00d3CENOS M\u00c1S<\/span>\n\t\t\t\t\t<\/span>\n\t\t\t\t\t<\/a>\n\t\t\t\t<\/div>\n\t\t\t\t\t\t\t\t<\/div>\n\t\t\t\t<\/div>\n\t\t\t\t<\/div>\n\t\t\t\t<\/div>\n\t\t<div class=\"elementor-element elementor-element-4e43ce2 e-con-full e-flex e-con e-parent\" data-id=\"4e43ce2\" data-element_type=\"container\" data-e-type=\"container\">\n\t\t\t\t<div class=\"elementor-element elementor-element-1d36d3c elementor-invisible elementor-widget elementor-widget-image\" data-id=\"1d36d3c\" data-element_type=\"widget\" data-e-type=\"widget\" data-settings=\"{&quot;_animation&quot;:&quot;fadeIn&quot;}\" data-widget_type=\"image.default\">\n\t\t\t\t<div class=\"elementor-widget-container\">\n\t\t\t\t\t\t\t\t\t\t\t\t\t\t\t<img loading=\"lazy\" decoding=\"async\" width=\"1024\" height=\"162\" src=\"https:\/\/mynewbody.com.mx\/wp-content\/uploads\/2025\/02\/Testimonios.png\" class=\"attachment-large size-large wp-image-1681\" alt=\"\" srcset=\"https:\/\/mynewbody.com.mx\/wp-content\/uploads\/2025\/02\/Testimonios.png 1367w, https:\/\/mynewbody.com.mx\/wp-content\/uploads\/2025\/02\/Testimonios-300x47.png 300w, https:\/\/mynewbody.com.mx\/wp-content\/uploads\/2025\/02\/Testimonios-1024x162.png 1024w, https:\/\/mynewbody.com.mx\/wp-content\/uploads\/2025\/02\/Testimonios-768x121.png 768w, https:\/\/mynewbody.com.mx\/wp-content\/uploads\/2025\/02\/Testimonios-18x3.png 18w, https:\/\/mynewbody.com.mx\/wp-content\/uploads\/2025\/02\/Testimonios-770x122.png 770w, https:\/\/mynewbody.com.mx\/wp-content\/uploads\/2025\/02\/Testimonios-370x58.png 370w\" sizes=\"(max-width: 1024px) 100vw, 1024px\" \/>\t\t\t\t\t\t\t\t\t\t\t\t\t\t\t<\/div>\n\t\t\t\t<\/div>\n\t\t\t\t<div class=\"elementor-element elementor-element-f51060d elementor-widget elementor-widget-text-editor\" data-id=\"f51060d\" data-element_type=\"widget\" data-e-type=\"widget\" data-widget_type=\"text-editor.default\">\n\t\t\t\t<div class=\"elementor-widget-container\">\n\t\t\t\t\t\t\t\t\t<p><strong>Historias reales de p\u00e9rdida de peso transformadora y mejora de la salud a trav\u00e9s de la cirug\u00eda bari\u00e1trica.<\/strong><\/p>\t\t\t\t\t\t\t\t<\/div>\n\t\t\t\t<\/div>\n\t\t\t\t<div class=\"elementor-element elementor-element-35a09e0 elementor-align-center elementor-widget elementor-widget-button\" data-id=\"35a09e0\" data-element_type=\"widget\" data-e-type=\"widget\" data-widget_type=\"button.default\">\n\t\t\t\t<div class=\"elementor-widget-container\">\n\t\t\t\t\t\t\t\t\t<div class=\"elementor-button-wrapper\">\n\t\t\t\t\t<a class=\"elementor-button elementor-button-link elementor-size-sm\" href=\"https:\/\/mynewbody.com.mx\/es\/patient-testimonials-2\/\">\n\t\t\t\t\t\t<span class=\"elementor-button-content-wrapper\">\n\t\t\t\t\t\t\t\t\t<span class=\"elementor-button-text\">TODOS LOS TESTIMONIOS<\/span>\n\t\t\t\t\t<\/span>\n\t\t\t\t\t<\/a>\n\t\t\t\t<\/div>\n\t\t\t\t\t\t\t\t<\/div>\n\t\t\t\t<\/div>\n\t\t\t\t<div class=\"elementor-element elementor-element-b5b8cfc elementor-invisible elementor-widget elementor-widget-image\" data-id=\"b5b8cfc\" data-element_type=\"widget\" data-e-type=\"widget\" data-settings=\"{&quot;_animation&quot;:&quot;fadeIn&quot;}\" data-widget_type=\"image.default\">\n\t\t\t\t<div class=\"elementor-widget-container\">\n\t\t\t\t\t\t\t\t\t\t\t\t\t\t\t<img loading=\"lazy\" decoding=\"async\" width=\"1024\" height=\"162\" src=\"https:\/\/mynewbody.com.mx\/wp-content\/uploads\/2025\/02\/Ultimasnoticias.png\" class=\"attachment-large size-large wp-image-1619\" alt=\"\" srcset=\"https:\/\/mynewbody.com.mx\/wp-content\/uploads\/2025\/02\/Ultimasnoticias.png 1367w, https:\/\/mynewbody.com.mx\/wp-content\/uploads\/2025\/02\/Ultimasnoticias-300x47.png 300w, https:\/\/mynewbody.com.mx\/wp-content\/uploads\/2025\/02\/Ultimasnoticias-1024x162.png 1024w, https:\/\/mynewbody.com.mx\/wp-content\/uploads\/2025\/02\/Ultimasnoticias-768x121.png 768w, https:\/\/mynewbody.com.mx\/wp-content\/uploads\/2025\/02\/Ultimasnoticias-18x3.png 18w, https:\/\/mynewbody.com.mx\/wp-content\/uploads\/2025\/02\/Ultimasnoticias-770x122.png 770w, https:\/\/mynewbody.com.mx\/wp-content\/uploads\/2025\/02\/Ultimasnoticias-370x58.png 370w\" sizes=\"(max-width: 1024px) 100vw, 1024px\" \/>\t\t\t\t\t\t\t\t\t\t\t\t\t\t\t<\/div>\n\t\t\t\t<\/div>\n\t\t\t\t<\/div>\n\t\t\t\t<\/div>","protected":false},"excerpt":{"rendered":"<p>Top Board Certified bariatric surgeons in Tijuana, M\u00e9xico. GET YOUR FREE CONSULTATION The JOURNEY to a healthier life starts here! [&hellip;]<\/p>\n","protected":false},"author":990005,"featured_media":0,"parent":0,"menu_order":0,"comment_status":"closed","ping_status":"closed","template":"","meta":{"site-sidebar-layout":"no-sidebar","site-content-layout":"","ast-site-content-layout":"full-width-container","site-content-style":"default","site-sidebar-style":"default","ast-global-header-display":"","ast-banner-title-visibility":"","ast-main-header-display":"","ast-hfb-above-header-display":"","ast-hfb-below-header-display":"","ast-hfb-mobile-header-display":"","site-post-title":"disabled","ast-breadcrumbs-content":"","ast-featured-img":"disabled","footer-sml-layout":"","ast-disable-related-posts":"","theme-transparent-header-meta":"default","adv-header-id-meta":"","stick-header-meta":"","header-above-stick-meta":"","header-main-stick-meta":"","header-below-stick-meta":"","astra-migrate-meta-layouts":"set","ast-page-background-enabled":"default","ast-page-background-meta":{"desktop":{"background-color":"var(--ast-global-color-5)","background-image":"","background-repeat":"repeat","background-position":"center center","background-size":"auto","background-attachment":"scroll","background-type":"","background-media":"","overlay-type":"","overlay-color":"","overlay-opacity":"","overlay-gradient":""},"tablet":{"background-color":"","background-image":"","background-repeat":"repeat","background-position":"center center","background-size":"auto","background-attachment":"scroll","background-type":"","background-media":"","overlay-type":"","overlay-color":"","overlay-opacity":"","overlay-gradient":""},"mobile":{"background-color":"","background-image":"","background-repeat":"repeat","background-position":"center center","background-size":"auto","background-attachment":"scroll","background-type":"","background-media":"","overlay-type":"","overlay-color":"","overlay-opacity":"","overlay-gradient":""}},"ast-content-background-meta":{"desktop":{"background-color":"var(--ast-global-color-4)","background-image":"","background-repeat":"repeat","background-position":"center center","background-size":"auto","background-attachment":"scroll","background-type":"","background-media":"","overlay-type":"","overlay-color":"","overlay-opacity":"","overlay-gradient":""},"tablet":{"background-color":"var(--ast-global-color-4)","background-image":"","background-repeat":"repeat","background-position":"center center","background-size":"auto","background-attachment":"scroll","background-type":"","background-media":"","overlay-type":"","overlay-color":"","overlay-opacity":"","overlay-gradient":""},"mobile":{"background-color":"var(--ast-global-color-4)","background-image":"","background-repeat":"repeat","background-position":"center center","background-size":"auto","background-attachment":"scroll","background-type":"","background-media":"","overlay-type":"","overlay-color":"","overlay-opacity":"","overlay-gradient":""}},"footnotes":""},"class_list":["post-2520","page","type-page","status-publish","hentry"],"_links":{"self":[{"href":"https:\/\/mynewbody.com.mx\/es\/wp-json\/wp\/v2\/pages\/2520","targetHints":{"allow":["GET"]}}],"collection":[{"href":"https:\/\/mynewbody.com.mx\/es\/wp-json\/wp\/v2\/pages"}],"about":[{"href":"https:\/\/mynewbody.com.mx\/es\/wp-json\/wp\/v2\/types\/page"}],"author":[{"embeddable":true,"href":"https:\/\/mynewbody.com.mx\/es\/wp-json\/wp\/v2\/users\/990005"}],"replies":[{"embeddable":true,"href":"https:\/\/mynewbody.com.mx\/es\/wp-json\/wp\/v2\/comments?post=2520"}],"version-history":[{"count":1,"href":"https:\/\/mynewbody.com.mx\/es\/wp-json\/wp\/v2\/pages\/2520\/revisions"}],"predecessor-version":[{"id":2521,"href":"https:\/\/mynewbody.com.mx\/es\/wp-json\/wp\/v2\/pages\/2520\/revisions\/2521"}],"wp:attachment":[{"href":"https:\/\/mynewbody.com.mx\/es\/wp-json\/wp\/v2\/media?parent=2520"}],"curies":[{"name":"wp","href":"https:\/\/api.w.org\/{rel}","templated":true}]}}