{"id":2280,"date":"2025-01-30T01:29:58","date_gmt":"2025-01-30T01:29:58","guid":{"rendered":"https:\/\/mynewbody.com.mx\/?page_id=2280"},"modified":"2025-01-30T01:36:33","modified_gmt":"2025-01-30T01:36:33","slug":"financing-2","status":"publish","type":"page","link":"https:\/\/mynewbody.com.mx\/es\/financing-2\/","title":{"rendered":"Financiamiento"},"content":{"rendered":"<div data-elementor-type=\"wp-page\" data-elementor-id=\"2280\" class=\"elementor elementor-2280\" data-elementor-post-type=\"page\">\n\t\t\t\t<div class=\"elementor-element elementor-element-1cef413a e-grid e-con-full e-con e-parent\" data-id=\"1cef413a\" data-element_type=\"container\" data-e-type=\"container\">\n\t\t\t\t<div class=\"elementor-element elementor-element-64f6fdc4 elementor-invisible elementor-widget elementor-widget-image\" data-id=\"64f6fdc4\" data-element_type=\"widget\" data-e-type=\"widget\" data-settings=\"{&quot;_animation&quot;:&quot;fadeIn&quot;}\" data-widget_type=\"image.default\">\n\t\t\t\t<div class=\"elementor-widget-container\">\n\t\t\t\t\t\t\t\t\t\t\t\t\t\t\t<img fetchpriority=\"high\" decoding=\"async\" width=\"1024\" height=\"162\" src=\"https:\/\/mynewbody.com.mx\/wp-content\/uploads\/2025\/02\/Finaciamiento.png\" class=\"attachment-large size-large wp-image-2257\" alt=\"\" srcset=\"https:\/\/mynewbody.com.mx\/wp-content\/uploads\/2025\/02\/Finaciamiento.png 1367w, https:\/\/mynewbody.com.mx\/wp-content\/uploads\/2025\/02\/Finaciamiento-300x47.png 300w, https:\/\/mynewbody.com.mx\/wp-content\/uploads\/2025\/02\/Finaciamiento-1024x162.png 1024w, https:\/\/mynewbody.com.mx\/wp-content\/uploads\/2025\/02\/Finaciamiento-768x121.png 768w, https:\/\/mynewbody.com.mx\/wp-content\/uploads\/2025\/02\/Finaciamiento-18x3.png 18w, https:\/\/mynewbody.com.mx\/wp-content\/uploads\/2025\/02\/Finaciamiento-770x122.png 770w, https:\/\/mynewbody.com.mx\/wp-content\/uploads\/2025\/02\/Finaciamiento-370x58.png 370w\" sizes=\"(max-width: 1024px) 100vw, 1024px\" \/>\t\t\t\t\t\t\t\t\t\t\t\t\t\t\t<\/div>\n\t\t\t\t<\/div>\n\t\t\t\t<div class=\"elementor-element elementor-element-a551981 elementor-widget elementor-widget-image\" data-id=\"a551981\" data-element_type=\"widget\" data-e-type=\"widget\" data-widget_type=\"image.default\">\n\t\t\t\t<div class=\"elementor-widget-container\">\n\t\t\t\t\t\t\t\t\t\t\t\t\t\t\t\t<a href=\"https:\/\/mendmx.pro.typeform.com\/solicitud1?typeform-source=www.mend.com.mx#trigger_event=button_solicita_en_5_minutos\" target=\"_blank\" rel=\"noopener\">\n\t\t\t\t\t\t\t<img decoding=\"async\" width=\"1672\" height=\"571\" src=\"https:\/\/mynewbody.com.mx\/wp-content\/uploads\/2025\/02\/mend-banner.png\" class=\"attachment-full size-full wp-image-2281\" alt=\"\" srcset=\"https:\/\/mynewbody.com.mx\/wp-content\/uploads\/2025\/02\/mend-banner.png 1345w, https:\/\/mynewbody.com.mx\/wp-content\/uploads\/2025\/02\/mend-banner-300x103.png 300w, https:\/\/mynewbody.com.mx\/wp-content\/uploads\/2025\/02\/mend-banner-1024x352.png 1024w, https:\/\/mynewbody.com.mx\/wp-content\/uploads\/2025\/02\/mend-banner-768x264.png 768w, https:\/\/mynewbody.com.mx\/wp-content\/uploads\/2025\/02\/mend-banner-18x6.png 18w, https:\/\/mynewbody.com.mx\/wp-content\/uploads\/2025\/02\/mend-banner-770x265.png 770w, https:\/\/mynewbody.com.mx\/wp-content\/uploads\/2025\/02\/mend-banner-370x127.png 370w\" sizes=\"(max-width: 1672px) 100vw, 1672px\" \/>\t\t\t\t\t\t\t\t<\/a>\n\t\t\t\t\t\t\t\t\t\t\t\t\t\t\t<\/div>\n\t\t\t\t<\/div>\n\t\t\t\t<\/div>\n\t\t<div class=\"elementor-element elementor-element-f68c90d e-con-full e-flex e-con e-parent\" data-id=\"f68c90d\" data-element_type=\"container\" data-e-type=\"container\">\n\t\t\t\t<div class=\"elementor-element elementor-element-458a80f elementor-widget elementor-widget-text-editor\" data-id=\"458a80f\" data-element_type=\"widget\" data-e-type=\"widget\" data-widget_type=\"text-editor.default\">\n\t\t\t\t<div class=\"elementor-widget-container\">\n\t\t\t\t\t\t\t\t\t<p>En\u00a0<strong>My New Body Obesity Center<\/strong>, entendemos los desaf\u00edos de financiar tu cirug\u00eda para bajar de peso. Por eso, trabajamos estrechamente con diversas instituciones de financiamiento m\u00e9dico para ayudarte a costear tu procedimiento de cirug\u00eda para la p\u00e9rdida de peso.<\/p>\t\t\t\t\t\t\t\t<\/div>\n\t\t\t\t<\/div>\n\t\t\t\t<\/div>\n\t\t\t\t<\/div>","protected":false},"excerpt":{"rendered":"<p>At\u00a0My New Body Obesity Center, we understand the challenges of funding your weight loss surgery. That\u2019s why we work closely [&hellip;]<\/p>\n","protected":false},"author":990005,"featured_media":0,"parent":0,"menu_order":0,"comment_status":"closed","ping_status":"closed","template":"","meta":{"site-sidebar-layout":"no-sidebar","site-content-layout":"","ast-site-content-layout":"full-width-container","site-content-style":"default","site-sidebar-style":"default","ast-global-header-display":"","ast-banner-title-visibility":"","ast-main-header-display":"","ast-hfb-above-header-display":"","ast-hfb-below-header-display":"","ast-hfb-mobile-header-display":"","site-post-title":"disabled","ast-breadcrumbs-content":"","ast-featured-img":"disabled","footer-sml-layout":"","ast-disable-related-posts":"","theme-transparent-header-meta":"","adv-header-id-meta":"","stick-header-meta":"","header-above-stick-meta":"","header-main-stick-meta":"","header-below-stick-meta":"","astra-migrate-meta-layouts":"default","ast-page-background-enabled":"default","ast-page-background-meta":{"desktop":{"background-color":"var(--ast-global-color-5)","background-image":"","background-repeat":"repeat","background-position":"center center","background-size":"auto","background-attachment":"scroll","background-type":"","background-media":"","overlay-type":"","overlay-color":"","overlay-opacity":"","overlay-gradient":""},"tablet":{"background-color":"","background-image":"","background-repeat":"repeat","background-position":"center center","background-size":"auto","background-attachment":"scroll","background-type":"","background-media":"","overlay-type":"","overlay-color":"","overlay-opacity":"","overlay-gradient":""},"mobile":{"background-color":"","background-image":"","background-repeat":"repeat","background-position":"center center","background-size":"auto","background-attachment":"scroll","background-type":"","background-media":"","overlay-type":"","overlay-color":"","overlay-opacity":"","overlay-gradient":""}},"ast-content-background-meta":{"desktop":{"background-color":"var(--ast-global-color-4)","background-image":"","background-repeat":"repeat","background-position":"center center","background-size":"auto","background-attachment":"scroll","background-type":"","background-media":"","overlay-type":"","overlay-color":"","overlay-opacity":"","overlay-gradient":""},"tablet":{"background-color":"var(--ast-global-color-4)","background-image":"","background-repeat":"repeat","background-position":"center center","background-size":"auto","background-attachment":"scroll","background-type":"","background-media":"","overlay-type":"","overlay-color":"","overlay-opacity":"","overlay-gradient":""},"mobile":{"background-color":"var(--ast-global-color-4)","background-image":"","background-repeat":"repeat","background-position":"center center","background-size":"auto","background-attachment":"scroll","background-type":"","background-media":"","overlay-type":"","overlay-color":"","overlay-opacity":"","overlay-gradient":""}},"footnotes":""},"class_list":["post-2280","page","type-page","status-publish","hentry"],"_links":{"self":[{"href":"https:\/\/mynewbody.com.mx\/es\/wp-json\/wp\/v2\/pages\/2280","targetHints":{"allow":["GET"]}}],"collection":[{"href":"https:\/\/mynewbody.com.mx\/es\/wp-json\/wp\/v2\/pages"}],"about":[{"href":"https:\/\/mynewbody.com.mx\/es\/wp-json\/wp\/v2\/types\/page"}],"author":[{"embeddable":true,"href":"https:\/\/mynewbody.com.mx\/es\/wp-json\/wp\/v2\/users\/990005"}],"replies":[{"embeddable":true,"href":"https:\/\/mynewbody.com.mx\/es\/wp-json\/wp\/v2\/comments?post=2280"}],"version-history":[{"count":5,"href":"https:\/\/mynewbody.com.mx\/es\/wp-json\/wp\/v2\/pages\/2280\/revisions"}],"predecessor-version":[{"id":2299,"href":"https:\/\/mynewbody.com.mx\/es\/wp-json\/wp\/v2\/pages\/2280\/revisions\/2299"}],"wp:attachment":[{"href":"https:\/\/mynewbody.com.mx\/es\/wp-json\/wp\/v2\/media?parent=2280"}],"curies":[{"name":"wp","href":"https:\/\/api.w.org\/{rel}","templated":true}]}}