{"id":2116,"date":"2025-01-28T17:20:39","date_gmt":"2025-01-28T17:20:39","guid":{"rendered":"https:\/\/mynewbody.com.mx\/?page_id=2116"},"modified":"2025-01-29T22:02:07","modified_gmt":"2025-01-29T22:02:07","slug":"about-us-2","status":"publish","type":"page","link":"https:\/\/mynewbody.com.mx\/es\/about-us-2\/","title":{"rendered":"Qui\u00e9nes Somos"},"content":{"rendered":"<div data-elementor-type=\"wp-page\" data-elementor-id=\"2116\" class=\"elementor elementor-2116\" data-elementor-post-type=\"page\">\n\t\t\t\t<div class=\"elementor-element elementor-element-ecc39ce e-grid e-con-full e-con e-parent\" data-id=\"ecc39ce\" data-element_type=\"container\" data-e-type=\"container\">\n\t\t\t\t<div class=\"elementor-element elementor-element-3335ed40 elementor-invisible elementor-widget elementor-widget-image\" data-id=\"3335ed40\" data-element_type=\"widget\" data-e-type=\"widget\" data-settings=\"{&quot;_animation&quot;:&quot;fadeIn&quot;}\" data-widget_type=\"image.default\">\n\t\t\t\t<div class=\"elementor-widget-container\">\n\t\t\t\t\t\t\t\t\t\t\t\t\t\t\t<img fetchpriority=\"high\" decoding=\"async\" width=\"1024\" height=\"162\" src=\"https:\/\/mynewbody.com.mx\/wp-content\/uploads\/2025\/01\/About-Us-1024x162.png\" class=\"attachment-large size-large wp-image-2115\" alt=\"\" srcset=\"https:\/\/mynewbody.com.mx\/wp-content\/uploads\/2025\/01\/About-Us-1024x162.png 1024w, https:\/\/mynewbody.com.mx\/wp-content\/uploads\/2025\/01\/About-Us-300x47.png 300w, https:\/\/mynewbody.com.mx\/wp-content\/uploads\/2025\/01\/About-Us-768x121.png 768w, https:\/\/mynewbody.com.mx\/wp-content\/uploads\/2025\/01\/About-Us-18x3.png 18w, https:\/\/mynewbody.com.mx\/wp-content\/uploads\/2025\/01\/About-Us-770x122.png 770w, https:\/\/mynewbody.com.mx\/wp-content\/uploads\/2025\/01\/About-Us-370x58.png 370w, https:\/\/mynewbody.com.mx\/wp-content\/uploads\/2025\/01\/About-Us.png 1367w\" sizes=\"(max-width: 1024px) 100vw, 1024px\" \/>\t\t\t\t\t\t\t\t\t\t\t\t\t\t\t<\/div>\n\t\t\t\t<\/div>\n\t\t\t\t<div class=\"elementor-element elementor-element-6142f48 elementor-widget__width-inherit elementor-widget elementor-widget-heading\" data-id=\"6142f48\" data-element_type=\"widget\" data-e-type=\"widget\" data-widget_type=\"heading.default\">\n\t\t\t\t<div class=\"elementor-widget-container\">\n\t\t\t\t\t<h2 class=\"elementor-heading-title elementor-size-default\">\u00bfPor qu\u00e9 My New Body Obesity Center?<\/h2>\t\t\t\t<\/div>\n\t\t\t\t<\/div>\n\t\t\t\t<div class=\"elementor-element elementor-element-d0fbc18 elementor-widget elementor-widget-text-editor\" data-id=\"d0fbc18\" data-element_type=\"widget\" data-e-type=\"widget\" data-widget_type=\"text-editor.default\">\n\t\t\t\t<div class=\"elementor-widget-container\">\n\t\t\t\t\t\t\t\t\t<p><strong>My New Body Obesity Center es un grupo de especialistas en bariatr\u00eda que ofrece soluciones en Cirug\u00eda de p\u00e9rdida de peso para pacientes de todo el mundo.<\/strong>\u00a0Comandados por el Dr. Alberto Carlos, uno de los principales cirujanos bariatras en el mundo, experto en cirug\u00eda bari\u00e1trica y en cirug\u00eda de m\u00ednima invasi\u00f3n, es tambi\u00e9n uno de los pocos cirujanos bariatras certificados en M\u00e9xico.<\/p><p>With more than 9.000 laparoscopic Weight Loss Surgeries, and proven experience in gastric sleeve, gastric bypass and complex revision surgery cases My New Body Obesity Center offers safe, effective and affordable bariatric surgeries.<\/p><p>En My New Body Obesity Center encontrar\u00e1s un ambiente relajado y libre. Nuestra misi\u00f3n es proveer soluciones quir\u00fargicas de primer mundo a pacientes de cualquier parte del planeta.<\/p><p>Para comenzar el proceso de tu cirug\u00eda de p\u00e9rdida de peso, llena el cuestionario m\u00e9dico. Uno de los cirujanos de My New Body Obesity Center revisara tu historial para determinar\nsi eres candidato\/a a la Cirug\u00eda de Obesidad. O puedes ponerte en contacto con nuestros coordinadores para iniciar tu proceso ahora.<\/p>\t\t\t\t\t\t\t\t<\/div>\n\t\t\t\t<\/div>\n\t\t\t\t<\/div>\n\t\t<div class=\"elementor-element elementor-element-ab6fa78 e-grid e-con-full e-con e-parent\" data-id=\"ab6fa78\" data-element_type=\"container\" data-e-type=\"container\" data-settings=\"{&quot;background_background&quot;:&quot;classic&quot;}\">\n\t\t\t\t<div class=\"elementor-element elementor-element-932d092 elementor-widget elementor-widget-image\" data-id=\"932d092\" data-element_type=\"widget\" data-e-type=\"widget\" data-widget_type=\"image.default\">\n\t\t\t\t<div class=\"elementor-widget-container\">\n\t\t\t\t\t\t\t\t\t\t\t\t\t\t\t<img decoding=\"async\" width=\"563\" height=\"733\" src=\"https:\/\/mynewbody.com.mx\/wp-content\/uploads\/2023\/01\/about-us-mnb.jpg\" class=\"attachment-large size-large wp-image-1043\" alt=\"About Us - My New Body - Obesity Center\" srcset=\"https:\/\/mynewbody.com.mx\/wp-content\/uploads\/2023\/01\/about-us-mnb.jpg 563w, https:\/\/mynewbody.com.mx\/wp-content\/uploads\/2023\/01\/about-us-mnb-230x300.jpg 230w, https:\/\/mynewbody.com.mx\/wp-content\/uploads\/2023\/01\/about-us-mnb-370x482.jpg 370w\" sizes=\"(max-width: 563px) 100vw, 563px\" \/>\t\t\t\t\t\t\t\t\t\t\t\t\t\t\t<\/div>\n\t\t\t\t<\/div>\n\t\t\t\t<div class=\"elementor-element elementor-element-3c10435 elementor-widget elementor-widget-text-editor\" data-id=\"3c10435\" data-element_type=\"widget\" data-e-type=\"widget\" data-widget_type=\"text-editor.default\">\n\t\t\t\t<div class=\"elementor-widget-container\">\n\t\t\t\t\t\t\t\t\t<ul><li>Servicio Personalizado<\/li><li>Cirujanos Certificados<\/li><li>Experiencia en todo tipo de cirug\u00eda bari\u00e1trica<\/li><li>Protocolo Especifico para Turismo M\u00e9dico<\/li><\/ul>\t\t\t\t\t\t\t\t<\/div>\n\t\t\t\t<\/div>\n\t\t\t\t<\/div>\n\t\t<div class=\"elementor-element elementor-element-6c4d8190 e-con-full e-flex e-con e-parent\" data-id=\"6c4d8190\" data-element_type=\"container\" data-e-type=\"container\">\n\t\t\t\t<div class=\"elementor-element elementor-element-38a63607 elementor-invisible elementor-widget elementor-widget-image\" data-id=\"38a63607\" data-element_type=\"widget\" data-e-type=\"widget\" data-settings=\"{&quot;_animation&quot;:&quot;fadeIn&quot;}\" data-widget_type=\"image.default\">\n\t\t\t\t<div class=\"elementor-widget-container\">\n\t\t\t\t\t\t\t\t\t\t\t\t\t\t\t<img decoding=\"async\" width=\"1024\" height=\"162\" src=\"https:\/\/mynewbody.com.mx\/wp-content\/uploads\/2025\/02\/Testimonios.png\" class=\"attachment-large size-large wp-image-1681\" alt=\"\" srcset=\"https:\/\/mynewbody.com.mx\/wp-content\/uploads\/2025\/02\/Testimonios.png 1367w, https:\/\/mynewbody.com.mx\/wp-content\/uploads\/2025\/02\/Testimonios-300x47.png 300w, https:\/\/mynewbody.com.mx\/wp-content\/uploads\/2025\/02\/Testimonios-1024x162.png 1024w, https:\/\/mynewbody.com.mx\/wp-content\/uploads\/2025\/02\/Testimonios-768x121.png 768w, https:\/\/mynewbody.com.mx\/wp-content\/uploads\/2025\/02\/Testimonios-18x3.png 18w, https:\/\/mynewbody.com.mx\/wp-content\/uploads\/2025\/02\/Testimonios-770x122.png 770w, https:\/\/mynewbody.com.mx\/wp-content\/uploads\/2025\/02\/Testimonios-370x58.png 370w\" sizes=\"(max-width: 1024px) 100vw, 1024px\" \/>\t\t\t\t\t\t\t\t\t\t\t\t\t\t\t<\/div>\n\t\t\t\t<\/div>\n\t\t\t\t<div class=\"elementor-element elementor-element-abbc1af elementor-widget elementor-widget-text-editor\" data-id=\"abbc1af\" data-element_type=\"widget\" data-e-type=\"widget\" data-widget_type=\"text-editor.default\">\n\t\t\t\t<div class=\"elementor-widget-container\">\n\t\t\t\t\t\t\t\t\t<p><strong>Historias reales de p\u00e9rdida de peso transformadora y mejora de la salud a trav\u00e9s de la cirug\u00eda bari\u00e1trica.<\/strong><\/p>\t\t\t\t\t\t\t\t<\/div>\n\t\t\t\t<\/div>\n\t\t\t\t<div class=\"elementor-element elementor-element-29fe2583 elementor-align-center elementor-widget elementor-widget-button\" data-id=\"29fe2583\" data-element_type=\"widget\" data-e-type=\"widget\" data-widget_type=\"button.default\">\n\t\t\t\t<div class=\"elementor-widget-container\">\n\t\t\t\t\t\t\t\t\t<div class=\"elementor-button-wrapper\">\n\t\t\t\t\t<a class=\"elementor-button elementor-button-link elementor-size-sm\" href=\"https:\/\/mynewbody.com.mx\/es\/patient-testimonials-2\/\">\n\t\t\t\t\t\t<span class=\"elementor-button-content-wrapper\">\n\t\t\t\t\t\t\t\t\t<span class=\"elementor-button-text\">TODOS LOS TESTIMONIOS<\/span>\n\t\t\t\t\t<\/span>\n\t\t\t\t\t<\/a>\n\t\t\t\t<\/div>\n\t\t\t\t\t\t\t\t<\/div>\n\t\t\t\t<\/div>\n\t\t\t\t<\/div>\n\t\t<div class=\"elementor-element elementor-element-978765d e-grid e-con-full e-con e-parent\" data-id=\"978765d\" data-element_type=\"container\" data-e-type=\"container\">\n\t\t\t\t<div class=\"elementor-element elementor-element-f9488b8 elementor-widget elementor-widget-video\" data-id=\"f9488b8\" data-element_type=\"widget\" data-e-type=\"widget\" data-settings=\"{&quot;youtube_url&quot;:&quot;https:\\\/\\\/www.youtube.com\\\/watch?v=Wt6x5YpKxDA&quot;,&quot;video_type&quot;:&quot;youtube&quot;,&quot;controls&quot;:&quot;yes&quot;}\" data-widget_type=\"video.default\">\n\t\t\t\t<div class=\"elementor-widget-container\">\n\t\t\t\t\t\t\t<div class=\"elementor-wrapper elementor-open-inline\">\n\t\t\t<div class=\"elementor-video\"><\/div>\t\t<\/div>\n\t\t\t\t\t\t<\/div>\n\t\t\t\t<\/div>\n\t\t\t\t<div class=\"elementor-element elementor-element-63def93 elementor-widget elementor-widget-video\" data-id=\"63def93\" data-element_type=\"widget\" data-e-type=\"widget\" data-settings=\"{&quot;youtube_url&quot;:&quot;https:\\\/\\\/www.youtube.com\\\/watch?v=_QgIcy1ob-o&quot;,&quot;video_type&quot;:&quot;youtube&quot;,&quot;controls&quot;:&quot;yes&quot;}\" data-widget_type=\"video.default\">\n\t\t\t\t<div class=\"elementor-widget-container\">\n\t\t\t\t\t\t\t<div class=\"elementor-wrapper elementor-open-inline\">\n\t\t\t<div class=\"elementor-video\"><\/div>\t\t<\/div>\n\t\t\t\t\t\t<\/div>\n\t\t\t\t<\/div>\n\t\t\t\t<div class=\"elementor-element elementor-element-90397c6 elementor-widget elementor-widget-video\" data-id=\"90397c6\" data-element_type=\"widget\" data-e-type=\"widget\" data-settings=\"{&quot;youtube_url&quot;:&quot;https:\\\/\\\/www.youtube.com\\\/watch?v=0LIpO752HsY&quot;,&quot;video_type&quot;:&quot;youtube&quot;,&quot;controls&quot;:&quot;yes&quot;}\" data-widget_type=\"video.default\">\n\t\t\t\t<div class=\"elementor-widget-container\">\n\t\t\t\t\t\t\t<div class=\"elementor-wrapper elementor-open-inline\">\n\t\t\t<div class=\"elementor-video\"><\/div>\t\t<\/div>\n\t\t\t\t\t\t<\/div>\n\t\t\t\t<\/div>\n\t\t\t\t<\/div>\n\t\t<div class=\"elementor-element elementor-element-4f82e0e e-flex e-con-boxed e-con e-parent\" data-id=\"4f82e0e\" data-element_type=\"container\" data-e-type=\"container\">\n\t\t\t\t\t<div class=\"e-con-inner\">\n\t\t\t\t\t<\/div>\n\t\t\t\t<\/div>\n\t\t\t\t<\/div>","protected":false},"excerpt":{"rendered":"<p>Why Choose My New Body Obesity Center My New Body Obesity Center is a group of Bariatric Surgery Specialists that [&hellip;]<\/p>\n","protected":false},"author":990005,"featured_media":0,"parent":0,"menu_order":0,"comment_status":"closed","ping_status":"closed","template":"","meta":{"site-sidebar-layout":"no-sidebar","site-content-layout":"","ast-site-content-layout":"full-width-container","site-content-style":"default","site-sidebar-style":"default","ast-global-header-display":"","ast-banner-title-visibility":"","ast-main-header-display":"","ast-hfb-above-header-display":"","ast-hfb-below-header-display":"","ast-hfb-mobile-header-display":"","site-post-title":"disabled","ast-breadcrumbs-content":"","ast-featured-img":"disabled","footer-sml-layout":"","ast-disable-related-posts":"","theme-transparent-header-meta":"default","adv-header-id-meta":"","stick-header-meta":"","header-above-stick-meta":"","header-main-stick-meta":"","header-below-stick-meta":"","astra-migrate-meta-layouts":"set","ast-page-background-enabled":"default","ast-page-background-meta":{"desktop":{"background-color":"var(--ast-global-color-5)","background-image":"","background-repeat":"repeat","background-position":"center center","background-size":"auto","background-attachment":"scroll","background-type":"","background-media":"","overlay-type":"","overlay-color":"","overlay-opacity":"","overlay-gradient":""},"tablet":{"background-color":"","background-image":"","background-repeat":"repeat","background-position":"center center","background-size":"auto","background-attachment":"scroll","background-type":"","background-media":"","overlay-type":"","overlay-color":"","overlay-opacity":"","overlay-gradient":""},"mobile":{"background-color":"","background-image":"","background-repeat":"repeat","background-position":"center center","background-size":"auto","background-attachment":"scroll","background-type":"","background-media":"","overlay-type":"","overlay-color":"","overlay-opacity":"","overlay-gradient":""}},"ast-content-background-meta":{"desktop":{"background-color":"var(--ast-global-color-4)","background-image":"","background-repeat":"repeat","background-position":"center center","background-size":"auto","background-attachment":"scroll","background-type":"","background-media":"","overlay-type":"","overlay-color":"","overlay-opacity":"","overlay-gradient":""},"tablet":{"background-color":"var(--ast-global-color-4)","background-image":"","background-repeat":"repeat","background-position":"center center","background-size":"auto","background-attachment":"scroll","background-type":"","background-media":"","overlay-type":"","overlay-color":"","overlay-opacity":"","overlay-gradient":""},"mobile":{"background-color":"var(--ast-global-color-4)","background-image":"","background-repeat":"repeat","background-position":"center center","background-size":"auto","background-attachment":"scroll","background-type":"","background-media":"","overlay-type":"","overlay-color":"","overlay-opacity":"","overlay-gradient":""}},"footnotes":""},"class_list":["post-2116","page","type-page","status-publish","hentry"],"_links":{"self":[{"href":"https:\/\/mynewbody.com.mx\/es\/wp-json\/wp\/v2\/pages\/2116","targetHints":{"allow":["GET"]}}],"collection":[{"href":"https:\/\/mynewbody.com.mx\/es\/wp-json\/wp\/v2\/pages"}],"about":[{"href":"https:\/\/mynewbody.com.mx\/es\/wp-json\/wp\/v2\/types\/page"}],"author":[{"embeddable":true,"href":"https:\/\/mynewbody.com.mx\/es\/wp-json\/wp\/v2\/users\/990005"}],"replies":[{"embeddable":true,"href":"https:\/\/mynewbody.com.mx\/es\/wp-json\/wp\/v2\/comments?post=2116"}],"version-history":[{"count":5,"href":"https:\/\/mynewbody.com.mx\/es\/wp-json\/wp\/v2\/pages\/2116\/revisions"}],"predecessor-version":[{"id":2166,"href":"https:\/\/mynewbody.com.mx\/es\/wp-json\/wp\/v2\/pages\/2116\/revisions\/2166"}],"wp:attachment":[{"href":"https:\/\/mynewbody.com.mx\/es\/wp-json\/wp\/v2\/media?parent=2116"}],"curies":[{"name":"wp","href":"https:\/\/api.w.org\/{rel}","templated":true}]}}